{"id":159531,"date":"2025-08-14T10:11:20","date_gmt":"2025-08-14T10:11:20","guid":{"rendered":"https:\/\/mediora.com\/?page_id=159531"},"modified":"2025-08-14T10:14:20","modified_gmt":"2025-08-14T10:14:20","slug":"privacy-policy","status":"publish","type":"page","link":"https:\/\/mediora.com\/index.php\/privacy-policy\/?lang=de","title":{"rendered":"Datenschutzerkl\u00e4rung"},"content":{"rendered":"<div class=\"wpb-content-wrapper\"><p>[vc_row][vc_column width=&#8221;1\/2&#8243;][vc_column_text uncode_shortcode_id=&#8221;214581&#8243;]<strong>Datenschutzerkl\u00e4rung f\u00fcr das Kontaktformular<\/strong><\/p>\n<p>Mediora GmbH<br \/>\nMariahilfer Stra\u00dfe 111\/1\/2, 1060 Wien, \u00d6sterreich<br \/>\nTelefon: +43 660 19 09 777<br \/>\nE-Mail: info@mediora.com<br \/>\n[\/vc_column_text][\/vc_column][vc_column width=&#8221;1\/2&#8243;][vc_column_text uncode_shortcode_id=&#8221;481840&#8243;]<strong>1.\u2060 \u2060Verantwortlicher<\/strong><br \/>\nVerantwortlich f\u00fcr die Verarbeitung Ihrer personenbezogenen Daten im Rahmen dieses Kontaktformulars ist die Mediora GmbH, Mariahilfer Stra\u00dfe 111\/1\/2, 1060 Wien, \u00d6sterreich, Telefon: +43 660 19 09 777, E-Mail: info@mediora.com.<\/p>\n<p><strong>2.\u2060 \u2060Zweck und Rechtsgrundlage der Verarbeitung<\/strong><br \/>\nDie im Kontaktformular eingegebenen personenbezogenen Daten (z. B. Name, E-Mail-Adresse, Telefonnummer, Betreff, Nachricht) werden ausschlie\u00dflich zum Zweck der Bearbeitung Ihrer Anfrage verarbeitet.<br \/>\nRechtsgrundlage: Art. 6 Abs. 1 lit. b DSGVO (vorvertragliche Ma\u00dfnahmen) sowie Art. 6 Abs. 1 lit. f DSGVO (berechtigtes Interesse an effizienter Kommunikation).<\/p>\n<p><strong>3.\u2060 \u2060Kategorien der verarbeiteten Daten<\/strong><br \/>\n-Name<br \/>\n-E-Mail-Adresse<br \/>\n-Telefonnummer<br \/>\n-Betreff und Nachrichtentext<\/p>\n<p><strong>4.\u2060 \u2060Empf\u00e4nger<\/strong><br \/>\nIhre Daten werden ausschlie\u00dflich innerhalb der Mediora GmbH verarbeitet. Eine Weitergabe an externe Empf\u00e4nger erfolgt nur, wenn dies f\u00fcr die Bearbeitung Ihrer Anfrage erforderlich ist oder gesetzlich vorgeschrieben ist (z. B. an IT-Dienstleister, Beh\u00f6rden).<\/p>\n<p><strong>5.\u2060 \u2060Speicherdauer<\/strong><br \/>\nDie im Rahmen einer Anfrage erhobenen Daten werden maximal 12 Monate gespeichert, sofern keine gesetzlichen Aufbewahrungspflichten eine l\u00e4ngere Speicherung erfordern.<\/p>\n<p><strong>6.\u2060 \u2060Rechte der betroffenen Personen<\/strong><br \/>\nSie haben das Recht:<br \/>\n-auf Auskunft \u00fcber Ihre verarbeiteten Daten (Art. 15 DSGVO)<br \/>\n-auf Berichtigung unrichtiger oder unvollst\u00e4ndiger Daten (Art. 16 DSGVO)<br \/>\n-auf L\u00f6schung Ihrer Daten (Art. 17 DSGVO), soweit keine Aufbewahrungspflichten bestehen<br \/>\n-auf Einschr\u00e4nkung der Verarbeitung (Art. 18 DSGVO)<br \/>\n-auf Daten\u00fcbertragbarkeit (Art. 20 DSGVO)<br \/>\n-auf Widerspruch gegen die Verarbeitung (Art. 21 DSGVO)<\/p>\n<p>F\u00fcr die Aus\u00fcbung Ihrer Rechte wenden Sie sich bitte an info@mediora.com oder postalisch an die oben genannte Adresse.<\/p>\n<p><strong>7.\u2060 \u2060Beschwerderecht<\/strong><br \/>\nSollten Sie der Ansicht sein, dass die Verarbeitung Ihrer Daten gegen das Datenschutzrecht verst\u00f6\u00dft, k\u00f6nnen Sie Beschwerde bei der \u00d6sterreichischen Datenschutzbeh\u00f6rde einlegen:<br \/>\nBarichgasse 40\u201342, 1030 Wien, \u00d6sterreich<br \/>\nE-Mail: dsb@dsb.gv.at<br \/>\nWeb: www.dsb.gv.at<\/p>\n<p><strong>8.\u2060 \u2060Hinweis zum Absenden des Formulars<\/strong><br \/>\nMit dem Absenden des Kontaktformulars best\u00e4tigen Sie, dass Sie die Datenschutzerkl\u00e4rung gelesen haben und stimmen der Verarbeitung Ihrer Daten zur Bearbeitung Ihrer Anfrage gem\u00e4\u00df Art. 6 Abs. 1 lit. b und f DSGVO zu.[\/vc_column_text][\/vc_column][\/vc_row]<\/p>\n<\/div>","protected":false},"excerpt":{"rendered":"<p>[vc_row][vc_column width=&#8221;1\/2&#8243;][vc_column_text uncode_shortcode_id=&#8221;214581&#8243;]Datenschutzerkl\u00e4rung f\u00fcr das Kontaktformular Mediora GmbH Mariahilfer Stra\u00dfe 111\/1\/2, 1060 Wien, \u00d6sterreich Telefon: +43 660 19 09 777 [&hellip;]<\/p>\n","protected":false},"author":1,"featured_media":0,"parent":0,"menu_order":0,"comment_status":"closed","ping_status":"closed","template":"","meta":{"footnotes":""},"class_list":["post-159531","page","type-page","status-publish","hentry"],"_links":{"self":[{"href":"https:\/\/mediora.com\/index.php\/wp-json\/wp\/v2\/pages\/159531","targetHints":{"allow":["GET"]}}],"collection":[{"href":"https:\/\/mediora.com\/index.php\/wp-json\/wp\/v2\/pages"}],"about":[{"href":"https:\/\/mediora.com\/index.php\/wp-json\/wp\/v2\/types\/page"}],"author":[{"embeddable":true,"href":"https:\/\/mediora.com\/index.php\/wp-json\/wp\/v2\/users\/1"}],"replies":[{"embeddable":true,"href":"https:\/\/mediora.com\/index.php\/wp-json\/wp\/v2\/comments?post=159531"}],"version-history":[{"count":7,"href":"https:\/\/mediora.com\/index.php\/wp-json\/wp\/v2\/pages\/159531\/revisions"}],"predecessor-version":[{"id":159540,"href":"https:\/\/mediora.com\/index.php\/wp-json\/wp\/v2\/pages\/159531\/revisions\/159540"}],"wp:attachment":[{"href":"https:\/\/mediora.com\/index.php\/wp-json\/wp\/v2\/media?parent=159531"}],"curies":[{"name":"wp","href":"https:\/\/api.w.org\/{rel}","templated":true}]}}